{"id":27,"date":"2013-03-25T15:12:54","date_gmt":"2013-03-25T13:12:54","guid":{"rendered":"http:\/\/pecet.lebork.pl\/?page_id=27"},"modified":"2018-08-01T20:22:01","modified_gmt":"2018-08-01T18:22:01","slug":"kontakt","status":"publish","type":"page","link":"http:\/\/pecet.lebork.pl\/","title":{"rendered":"Kontakt"},"content":{"rendered":"<p style=\"text-align: center;\">\n\t<strong>Przedsi\u0119biorstwo Handlowo-Us\u0142ugowe &quot;PeCet&quot;<\/strong><br \/>\n\t<strong>Artur Romanowski<\/strong><br \/>\n\tul. Kolejarzy 5<br \/>\n\t84-300 L\u0119bork<br \/>\n\ttel. +48 696 471 599<br \/>\n\te-mail: biuro(at)pecet.lebork.pl\n<\/p>\n<p style=\"text-align: center;\">\n\t<iframe loading=\"lazy\" src=\"https:\/\/www.google.com\/maps\/embed?pb=!1m18!1m12!1m3!1d4630.498219471318!2d17.731569528284727!3d54.52910292097531!2m3!1f0!2f0!3f0!3m2!1i1024!2i768!4f13.1!3m3!1m2!1s0x46fde7fb27493461%3A0xf37cb13986fd2979!2sKolejarzy+5%2C+84-351+L%C4%99bork!5e0!3m2!1spl!2spl!4v1533147686500\" width=\"600\" height=\"450\" frameborder=\"0\" style=\"border:0\" allowfullscreen><\/iframe><\/p>\n","protected":false},"excerpt":{"rendered":"<p>Przedsi\u0119biorstwo Handlowo-Us\u0142ugowe &quot;PeCet&quot; Artur Romanowski ul. Kolejarzy 5 84-300 L\u0119bork tel. +48 696 471 599 e-mail: biuro(at)pecet.lebork.pl<\/p>\n","protected":false},"author":1001004,"featured_media":0,"parent":0,"menu_order":5,"comment_status":"closed","ping_status":"closed","template":"","meta":[],"_links":{"self":[{"href":"http:\/\/pecet.lebork.pl\/index.php?rest_route=\/wp\/v2\/pages\/27"}],"collection":[{"href":"http:\/\/pecet.lebork.pl\/index.php?rest_route=\/wp\/v2\/pages"}],"about":[{"href":"http:\/\/pecet.lebork.pl\/index.php?rest_route=\/wp\/v2\/types\/page"}],"author":[{"embeddable":true,"href":"http:\/\/pecet.lebork.pl\/index.php?rest_route=\/wp\/v2\/users\/1001004"}],"replies":[{"embeddable":true,"href":"http:\/\/pecet.lebork.pl\/index.php?rest_route=%2Fwp%2Fv2%2Fcomments&post=27"}],"version-history":[{"count":10,"href":"http:\/\/pecet.lebork.pl\/index.php?rest_route=\/wp\/v2\/pages\/27\/revisions"}],"predecessor-version":[{"id":128,"href":"http:\/\/pecet.lebork.pl\/index.php?rest_route=\/wp\/v2\/pages\/27\/revisions\/128"}],"wp:attachment":[{"href":"http:\/\/pecet.lebork.pl\/index.php?rest_route=%2Fwp%2Fv2%2Fmedia&parent=27"}],"curies":[{"name":"wp","href":"https:\/\/api.w.org\/{rel}","templated":true}]}}