{"id":14,"date":"2012-08-19T23:10:59","date_gmt":"2012-08-19T21:10:59","guid":{"rendered":"http:\/\/pecet.lebork.pl\/?page_id=14"},"modified":"2018-08-01T20:26:56","modified_gmt":"2018-08-01T18:26:56","slug":"pomoc-zdalna","status":"publish","type":"page","link":"http:\/\/pecet.lebork.pl\/?page_id=14","title":{"rendered":"Pomoc zdalna"},"content":{"rendered":"<p style=\"text-align: left;\">\n\tFirma PeCet od roku 2010 oferuje us\u0142ug\u0119 zdalnej pomocy. Pozwala to na oszcz\u0119dno\u015bci czasu, a czas to pieni\u0105dz.\n<\/p>\n<p style=\"text-align: left;\">\n\tAby szybko uzyska\u0107 pomoc zdaln\u0105 prosimy skorzysta\u0107 z tego linku:&nbsp;<a href=\"https:\/\/download.teamviewer.com\/download\/TeamViewerQS.exe\" target=\"_blank\">https:\/\/download.teamviewer.com\/download\/TeamViewerQS.exe<\/a>\n<\/p>\n<p style=\"text-align: left;\">\n\tPo pobraniu programu, prosz\u0119 go uruchomi\u0107 i poda\u0107 nam numer ID oraz jednorazowe has\u0142o wygenerowane przez program, oczywi\u015bcie nie wy\u0142\u0105czaj\u0105c programu.<br \/>\n\tPo zako\u0144czeniu pracy mo\u017cna program zamkn\u0105\u0107 i usun\u0105\u0107 ze swojego dysku twardego.\n<\/p>\n<p style=\"text-align: left;\">\n\tPrzypominam, \u017ce dla naszych Klient&oacute;w oprogramowanie Teamviewer QuickSupport&nbsp;jest ca\u0142kowicie darmowe.\n<\/p>\n<p>\n\t&nbsp;<\/p>\n","protected":false},"excerpt":{"rendered":"<p>Firma PeCet od roku 2010 oferuje us\u0142ug\u0119 zdalnej pomocy. Pozwala to na oszcz\u0119dno\u015bci czasu, a czas to pieni\u0105dz. Aby szybko uzyska\u0107 pomoc zdaln\u0105 prosimy skorzysta\u0107 z tego linku:&nbsp;https:\/\/download.teamviewer.com\/download\/TeamViewerQS.exe Po pobraniu programu, prosz\u0119 go uruchomi\u0107 i poda\u0107 nam numer ID oraz &hellip; <a href=\"http:\/\/pecet.lebork.pl\/?page_id=14\">Czytaj dalej <span class=\"meta-nav\">&rarr;<\/span><\/a><\/p>\n","protected":false},"author":1001004,"featured_media":0,"parent":0,"menu_order":0,"comment_status":"closed","ping_status":"closed","template":"","meta":[],"_links":{"self":[{"href":"http:\/\/pecet.lebork.pl\/index.php?rest_route=\/wp\/v2\/pages\/14"}],"collection":[{"href":"http:\/\/pecet.lebork.pl\/index.php?rest_route=\/wp\/v2\/pages"}],"about":[{"href":"http:\/\/pecet.lebork.pl\/index.php?rest_route=\/wp\/v2\/types\/page"}],"author":[{"embeddable":true,"href":"http:\/\/pecet.lebork.pl\/index.php?rest_route=\/wp\/v2\/users\/1001004"}],"replies":[{"embeddable":true,"href":"http:\/\/pecet.lebork.pl\/index.php?rest_route=%2Fwp%2Fv2%2Fcomments&post=14"}],"version-history":[{"count":15,"href":"http:\/\/pecet.lebork.pl\/index.php?rest_route=\/wp\/v2\/pages\/14\/revisions"}],"predecessor-version":[{"id":130,"href":"http:\/\/pecet.lebork.pl\/index.php?rest_route=\/wp\/v2\/pages\/14\/revisions\/130"}],"wp:attachment":[{"href":"http:\/\/pecet.lebork.pl\/index.php?rest_route=%2Fwp%2Fv2%2Fmedia&parent=14"}],"curies":[{"name":"wp","href":"https:\/\/api.w.org\/{rel}","templated":true}]}}